{"id":949,"date":"2016-06-10T13:49:37","date_gmt":"2016-06-10T12:49:37","guid":{"rendered":"https:\/\/www.provence-beaudine-locations.fr\/en\/?page_id=949"},"modified":"2018-08-08T14:29:19","modified_gmt":"2018-08-08T13:29:19","slug":"villa-for-sale","status":"publish","type":"page","link":"https:\/\/www.provence-beaudine-locations.fr\/en\/villa-for-sale\/","title":{"rendered":"Villa for sale"},"content":{"rendered":"<p>[et_pb_section admin_label=&#8221;Section&#8221; fullwidth=&#8221;off&#8221; specialty=&#8221;off&#8221; transparent_background=&#8221;off&#8221; background_color=&#8221;#ffffff&#8221; allow_player_pause=&#8221;off&#8221; inner_shadow=&#8221;off&#8221; parallax=&#8221;off&#8221; parallax_method=&#8221;off&#8221; padding_mobile=&#8221;off&#8221; make_fullwidth=&#8221;off&#8221; use_custom_width=&#8221;off&#8221; width_unit=&#8221;on&#8221; make_equal=&#8221;off&#8221; use_custom_gutter=&#8221;off&#8221; module_id=&#8221;title_section&#8221;][et_pb_row admin_label=&#8221;Ligne&#8221;][et_pb_column type=&#8221;4_4&#8243;][et_pb_text admin_label=&#8221;Texte&#8221; background_layout=&#8221;light&#8221; text_orientation=&#8221;left&#8221; use_border_color=&#8221;off&#8221; border_color=&#8221;#ffffff&#8221; border_style=&#8221;solid&#8221;]<\/p>\n<h1>Villa for sale<\/h1>\n<p>[\/et_pb_text][\/et_pb_column][\/et_pb_row][\/et_pb_section][et_pb_section admin_label=&#8221;section&#8221; transparent_background=&#8221;off&#8221; background_color=&#8221;#ffffff&#8221; allow_player_pause=&#8221;off&#8221; inner_shadow=&#8221;off&#8221; parallax=&#8221;off&#8221; parallax_method=&#8221;off&#8221; padding_mobile=&#8221;off&#8221; make_fullwidth=&#8221;off&#8221; use_custom_width=&#8221;off&#8221; width_unit=&#8221;on&#8221; make_equal=&#8221;off&#8221; use_custom_gutter=&#8221;off&#8221; module_class=&#8221;line_service&#8221;][et_pb_row admin_label=&#8221;row&#8221; make_fullwidth=&#8221;off&#8221; use_custom_width=&#8221;off&#8221; width_unit=&#8221;on&#8221; use_custom_gutter=&#8221;off&#8221; padding_mobile=&#8221;off&#8221; allow_player_pause=&#8221;off&#8221; parallax=&#8221;off&#8221; parallax_method=&#8221;off&#8221; make_equal=&#8221;off&#8221; parallax_1=&#8221;off&#8221; parallax_method_1=&#8221;off&#8221; parallax_2=&#8221;off&#8221; parallax_method_2=&#8221;off&#8221; column_padding_mobile=&#8221;on&#8221; module_class_1=&#8221;float_right&#8221; module_class_2=&#8221;float_left&#8221;][et_pb_column type=&#8221;1_2&#8243;][et_pb_image admin_label=&#8221;Image&#8221; show_in_lightbox=&#8221;off&#8221; url_new_window=&#8221;off&#8221; use_overlay=&#8221;off&#8221; animation=&#8221;left&#8221; sticky=&#8221;off&#8221; align=&#8221;left&#8221; force_fullwidth=&#8221;off&#8221; always_center_on_mobile=&#8221;on&#8221; use_border_color=&#8221;off&#8221; border_color=&#8221;#ffffff&#8221; border_style=&#8221;solid&#8221; src=&#8221;https:\/\/www.provence-beaudine-locations.fr\/wp-content\/uploads\/2016\/05\/v_0002_villa_terre_orange_03.jpg&#8221;]<\/p>\n<p>[\/et_pb_image][\/et_pb_column][et_pb_column type=&#8221;1_2&#8243;][et_pb_text admin_label=&#8221;Texte&#8221; background_layout=&#8221;light&#8221; text_orientation=&#8221;left&#8221; use_border_color=&#8221;off&#8221; border_color=&#8221;#ffffff&#8221; border_style=&#8221;solid&#8221;]<\/p>\n<h3>Devenez propri\u00e9taire<\/h3>\n<p>Situ\u00e9 aux portes du <strong>parc naturel du luberon<\/strong>, r\u00e9put\u00e9 pour ses grands espaces et la beaut\u00e9 de sa nature, Forcalquier est \u00e0 <strong>moins d\u2019une heure de la nouvelle gare TGV d\u2019Aix-en-Provence<\/strong>.<br \/>\nBas\u00e9e sur 2 hectares, et compos\u00e9e de 16 villas individuelles de standing avec places de parking priv\u00e9es (garages et piscine en option), sur des terrains de 600 \u00e0 1900 M2, la r\u00e9sidence \u201cles restanques de beaudine sera un bel exemple d\u2019int\u00e9gration dans une nature encore pr\u00e9serv\u00e9e, prot\u00e9geant l\u2019intimit\u00e9 de ses r\u00e9sidents.<br \/>\nLa surface des terrains et le niveau de prestations des villas font \u201cdes restanques de beaudine\u201d une nouvelle r\u00e9f\u00e9rence de la qualit\u00e9 de vie dans un site privil\u00e9gi\u00e9 et un investissement permettant une <strong>optimisation fiscale<\/strong>.<\/p>\n<p>[\/et_pb_text][\/et_pb_column][\/et_pb_row][\/et_pb_section][et_pb_section admin_label=&#8221;section&#8221; transparent_background=&#8221;off&#8221; background_color=&#8221;#ffffff&#8221; allow_player_pause=&#8221;off&#8221; inner_shadow=&#8221;off&#8221; parallax=&#8221;off&#8221; parallax_method=&#8221;off&#8221; padding_mobile=&#8221;off&#8221; make_fullwidth=&#8221;off&#8221; use_custom_width=&#8221;off&#8221; width_unit=&#8221;on&#8221; make_equal=&#8221;off&#8221; use_custom_gutter=&#8221;off&#8221; module_class=&#8221;line_service&#8221;][et_pb_row admin_label=&#8221;row&#8221; make_fullwidth=&#8221;off&#8221; use_custom_width=&#8221;off&#8221; width_unit=&#8221;on&#8221; use_custom_gutter=&#8221;off&#8221; padding_mobile=&#8221;off&#8221; allow_player_pause=&#8221;off&#8221; parallax=&#8221;off&#8221; parallax_method=&#8221;off&#8221; make_equal=&#8221;off&#8221; parallax_1=&#8221;off&#8221; parallax_method_1=&#8221;off&#8221; parallax_2=&#8221;off&#8221; parallax_method_2=&#8221;off&#8221; column_padding_mobile=&#8221;on&#8221;][et_pb_column type=&#8221;1_2&#8243;][et_pb_image admin_label=&#8221;Image&#8221; show_in_lightbox=&#8221;off&#8221; url_new_window=&#8221;off&#8221; use_overlay=&#8221;off&#8221; animation=&#8221;left&#8221; sticky=&#8221;off&#8221; align=&#8221;left&#8221; force_fullwidth=&#8221;off&#8221; always_center_on_mobile=&#8221;on&#8221; use_border_color=&#8221;off&#8221; border_color=&#8221;#ffffff&#8221; border_style=&#8221;solid&#8221; src=&#8221;https:\/\/www.provence-beaudine-locations.fr\/wp-content\/uploads\/2016\/05\/v_0013_villa_terre_ocre_00.jpg&#8221;]<\/p>\n<p>[\/et_pb_image][\/et_pb_column][et_pb_column type=&#8221;1_2&#8243;][et_pb_text admin_label=&#8221;Texte&#8221; background_layout=&#8221;light&#8221; text_orientation=&#8221;left&#8221; use_border_color=&#8221;off&#8221; border_color=&#8221;#ffffff&#8221; border_style=&#8221;solid&#8221;]<\/p>\n<h3>Avantages fiscaux<\/h3>\n<p>Nos villas sont destin\u00e9es pour un usage \u00ab <strong>d\u2019habitation secondaire<\/strong> \u00bb ou \u00e0 une exploitation para h\u00f4teli\u00e8re qui vous permettra de b\u00e9n\u00e9ficier des <strong>avantages fiscaux de la para-h\u00f4tellerie permettant la r\u00e9cup\u00e9ration de la TVA sur le montant de votre investissement et la d\u00e9fiscalisation des revenus locatifs. Pour cela, vous opterez dans le cadre d\u2019une op\u00e9ration de d\u00e9fiscalisation pour le statut de Loueur en Meubl\u00e9 Non Professionnel (LMNP) ou Loueur en Meubl\u00e9 Professionnel (LMP).<\/strong><\/p>\n<p><a class=\"et_pb_button et_pb_module et_pb_bg_layout_light\" target=\"_blank\" href=\"\/wp-content\/uploads\/2016\/05\/vente-villas-restanques-de-beaudine.pdf\" title=\"Devenez propri\u00e9taire dans un cadre de nature et profitez d\u2019avantages fiscaux importants\">T\u00e9l\u00e9charger la brochure pour plus d&#8217;infos<\/a><\/p>\n<p>[\/et_pb_text][\/et_pb_column][\/et_pb_row][\/et_pb_section][et_pb_section admin_label=&#8221;Section&#8221; fullwidth=&#8221;off&#8221; specialty=&#8221;off&#8221; background_image=&#8221;https:\/\/www.provence-beaudine-locations.fr\/wp-content\/uploads\/2016\/04\/fond-logo.png&#8221; transparent_background=&#8221;off&#8221; background_color=&#8221;#9e9284&#8243; allow_player_pause=&#8221;off&#8221; inner_shadow=&#8221;off&#8221; parallax=&#8221;off&#8221; parallax_method=&#8221;off&#8221; padding_mobile=&#8221;off&#8221; make_fullwidth=&#8221;off&#8221; use_custom_width=&#8221;off&#8221; width_unit=&#8221;on&#8221; make_equal=&#8221;off&#8221; use_custom_gutter=&#8221;off&#8221; module_class=&#8221;bloc_laresidence&#8221;][et_pb_row admin_label=&#8221;Ligne&#8221;][et_pb_column type=&#8221;4_4&#8243;][et_pb_text admin_label=&#8221;Texte&#8221; background_layout=&#8221;light&#8221; text_orientation=&#8221;center&#8221; use_border_color=&#8221;off&#8221; border_color=&#8221;#ffffff&#8221; border_style=&#8221;solid&#8221;]<\/p>\n<h2 class=\"bande space\">Villa(s) en vente<\/h2>\n<p>Situ\u00e9 aux portes du parc r\u00e9gional du luberon, le \u201cpays de Forcalquier\u201d a un attrait touristique de plus en plus important avec un potentiel de d\u00e9veloppement encore inexploit\u00e9. L\u2019endroit est connu pour ses chambres d\u2019h\u00f4tes et la beaut\u00e9 de ces espaces naturels mais aucune structure d\u2019accueil de ce type n\u2019est pr\u00e9sente.<\/p>\n<p>L\u2019acc\u00e8s autoroutier situ\u00e9 \u00e0 dix minutes ainsi qu\u2019un climat tr\u00e8s agr\u00e9able ne font que renforcer ses atouts.<\/p>\n<p>Ce complexe touristique sera un exemple d\u2019urbanisme ma\u00eetris\u00e9. Il r\u00e9pond \u00e0 une certaine qualit\u00e9 de construction, l\u2019int\u00e9gration au paysage et le respect de l\u2019environnement ainsi qu\u2019une d\u00e9coration int\u00e9rieure haut de gamme si vous vous le d\u00e9sirez.<\/p>\n<p>[\/et_pb_text][\/et_pb_column][\/et_pb_row][\/et_pb_section]<\/p>\n","protected":false},"excerpt":{"rendered":"<p>Villa for sale Devenez propri\u00e9taire Situ\u00e9 aux portes du parc naturel du luberon, r\u00e9put\u00e9 pour ses grands espaces et la beaut\u00e9 de sa nature, Forcalquier est \u00e0 moins d\u2019une heure de la nouvelle gare TGV d\u2019Aix-en-Provence. Bas\u00e9e sur 2 hectares, et compos\u00e9e de 16 villas individuelles de standing avec places de parking priv\u00e9es (garages et [&hellip;]<\/p>\n","protected":false},"author":4,"featured_media":0,"parent":0,"menu_order":0,"comment_status":"closed","ping_status":"closed","template":"template-liste-vente.php","meta":{"_et_pb_use_builder":"on","_et_pb_old_content":"","_et_gb_content_width":""},"yoast_head":"<!-- This site is optimized with the Yoast SEO plugin v19.4 - https:\/\/yoast.com\/wordpress\/plugins\/seo\/ -->\n<title>Villas for sale | Forcalquier, Luberon, Alpes de Haute-Provence<\/title>\n<meta name=\"description\" content=\"Are you interested in investing in Provence? Take advantage of tax benefits by buying a second home in the residence of Restanques de Beaudine\" \/>\n<meta name=\"robots\" content=\"index, follow, max-snippet:-1, max-image-preview:large, max-video-preview:-1\" \/>\n<link rel=\"canonical\" href=\"https:\/\/www.provence-beaudine-locations.fr\/en\/villa-for-sale\/\" \/>\n<meta property=\"og:locale\" content=\"en_US\" \/>\n<meta property=\"og:type\" content=\"article\" \/>\n<meta property=\"og:title\" content=\"Villas for sale | Forcalquier, Luberon, Alpes de Haute-Provence\" \/>\n<meta property=\"og:description\" content=\"Are you interested in investing in Provence? Take advantage of tax benefits by buying a second home in the residence of Restanques de Beaudine\" \/>\n<meta property=\"og:url\" content=\"https:\/\/www.provence-beaudine-locations.fr\/en\/villa-for-sale\/\" \/>\n<meta property=\"og:site_name\" content=\"Les Restanques de Beaudine\" \/>\n<meta property=\"article:modified_time\" content=\"2018-08-08T13:29:19+00:00\" \/>\n<meta name=\"twitter:card\" content=\"summary\" \/>\n<meta name=\"twitter:label1\" content=\"Est. reading time\" \/>\n\t<meta name=\"twitter:data1\" content=\"5 minutes\" \/>\n<script type=\"application\/ld+json\" class=\"yoast-schema-graph\">{\"@context\":\"https:\/\/schema.org\",\"@graph\":[{\"@type\":\"Organization\",\"@id\":\"https:\/\/www.provence-beaudine-locations.fr\/#organization\",\"name\":\"Les Restanques de Beaudine\",\"url\":\"https:\/\/www.provence-beaudine-locations.fr\/\",\"sameAs\":[],\"logo\":{\"@type\":\"ImageObject\",\"inLanguage\":\"en-US\",\"@id\":\"https:\/\/www.provence-beaudine-locations.fr\/#\/schema\/logo\/image\/\",\"url\":\"https:\/\/www.provence-beaudine-locations.fr\/wp-content\/uploads\/2016\/04\/logo.png\",\"contentUrl\":\"https:\/\/www.provence-beaudine-locations.fr\/wp-content\/uploads\/2016\/04\/logo.png\",\"width\":150,\"height\":150,\"caption\":\"Les Restanques de Beaudine\"},\"image\":{\"@id\":\"https:\/\/www.provence-beaudine-locations.fr\/#\/schema\/logo\/image\/\"}},{\"@type\":\"WebSite\",\"@id\":\"https:\/\/www.provence-beaudine-locations.fr\/#website\",\"url\":\"https:\/\/www.provence-beaudine-locations.fr\/\",\"name\":\"Les Restanques de Beaudine\",\"description\":\"\",\"publisher\":{\"@id\":\"https:\/\/www.provence-beaudine-locations.fr\/#organization\"},\"potentialAction\":[{\"@type\":\"SearchAction\",\"target\":{\"@type\":\"EntryPoint\",\"urlTemplate\":\"https:\/\/www.provence-beaudine-locations.fr\/?s={search_term_string}\"},\"query-input\":\"required name=search_term_string\"}],\"inLanguage\":\"en-US\"},{\"@type\":\"WebPage\",\"@id\":\"https:\/\/www.provence-beaudine-locations.fr\/en\/villa-for-sale\/\",\"url\":\"https:\/\/www.provence-beaudine-locations.fr\/en\/villa-for-sale\/\",\"name\":\"Villas for sale | Forcalquier, Luberon, Alpes de Haute-Provence\",\"isPartOf\":{\"@id\":\"https:\/\/www.provence-beaudine-locations.fr\/#website\"},\"datePublished\":\"2016-06-10T12:49:37+00:00\",\"dateModified\":\"2018-08-08T13:29:19+00:00\",\"description\":\"Are you interested in investing in Provence? Take advantage of tax benefits by buying a second home in the residence of Restanques de Beaudine\",\"breadcrumb\":{\"@id\":\"https:\/\/www.provence-beaudine-locations.fr\/en\/villa-for-sale\/#breadcrumb\"},\"inLanguage\":\"en-US\",\"potentialAction\":[{\"@type\":\"ReadAction\",\"target\":[\"https:\/\/www.provence-beaudine-locations.fr\/en\/villa-for-sale\/\"]}]},{\"@type\":\"BreadcrumbList\",\"@id\":\"https:\/\/www.provence-beaudine-locations.fr\/en\/villa-for-sale\/#breadcrumb\",\"itemListElement\":[{\"@type\":\"ListItem\",\"position\":1,\"name\":\"Accueil\",\"item\":\"https:\/\/www.provence-beaudine-locations.fr\/en\/\"},{\"@type\":\"ListItem\",\"position\":2,\"name\":\"Villa for sale\"}]}]}<\/script>\n<!-- \/ Yoast SEO plugin. -->","yoast_head_json":{"title":"Villas for sale | Forcalquier, Luberon, Alpes de Haute-Provence","description":"Are you interested in investing in Provence? Take advantage of tax benefits by buying a second home in the residence of Restanques de Beaudine","robots":{"index":"index","follow":"follow","max-snippet":"max-snippet:-1","max-image-preview":"max-image-preview:large","max-video-preview":"max-video-preview:-1"},"canonical":"https:\/\/www.provence-beaudine-locations.fr\/en\/villa-for-sale\/","og_locale":"en_US","og_type":"article","og_title":"Villas for sale | Forcalquier, Luberon, Alpes de Haute-Provence","og_description":"Are you interested in investing in Provence? Take advantage of tax benefits by buying a second home in the residence of Restanques de Beaudine","og_url":"https:\/\/www.provence-beaudine-locations.fr\/en\/villa-for-sale\/","og_site_name":"Les Restanques de Beaudine","article_modified_time":"2018-08-08T13:29:19+00:00","twitter_card":"summary","twitter_misc":{"Est. reading time":"5 minutes"},"schema":{"@context":"https:\/\/schema.org","@graph":[{"@type":"Organization","@id":"https:\/\/www.provence-beaudine-locations.fr\/#organization","name":"Les Restanques de Beaudine","url":"https:\/\/www.provence-beaudine-locations.fr\/","sameAs":[],"logo":{"@type":"ImageObject","inLanguage":"en-US","@id":"https:\/\/www.provence-beaudine-locations.fr\/#\/schema\/logo\/image\/","url":"https:\/\/www.provence-beaudine-locations.fr\/wp-content\/uploads\/2016\/04\/logo.png","contentUrl":"https:\/\/www.provence-beaudine-locations.fr\/wp-content\/uploads\/2016\/04\/logo.png","width":150,"height":150,"caption":"Les Restanques de Beaudine"},"image":{"@id":"https:\/\/www.provence-beaudine-locations.fr\/#\/schema\/logo\/image\/"}},{"@type":"WebSite","@id":"https:\/\/www.provence-beaudine-locations.fr\/#website","url":"https:\/\/www.provence-beaudine-locations.fr\/","name":"Les Restanques de Beaudine","description":"","publisher":{"@id":"https:\/\/www.provence-beaudine-locations.fr\/#organization"},"potentialAction":[{"@type":"SearchAction","target":{"@type":"EntryPoint","urlTemplate":"https:\/\/www.provence-beaudine-locations.fr\/?s={search_term_string}"},"query-input":"required name=search_term_string"}],"inLanguage":"en-US"},{"@type":"WebPage","@id":"https:\/\/www.provence-beaudine-locations.fr\/en\/villa-for-sale\/","url":"https:\/\/www.provence-beaudine-locations.fr\/en\/villa-for-sale\/","name":"Villas for sale | Forcalquier, Luberon, Alpes de Haute-Provence","isPartOf":{"@id":"https:\/\/www.provence-beaudine-locations.fr\/#website"},"datePublished":"2016-06-10T12:49:37+00:00","dateModified":"2018-08-08T13:29:19+00:00","description":"Are you interested in investing in Provence? Take advantage of tax benefits by buying a second home in the residence of Restanques de Beaudine","breadcrumb":{"@id":"https:\/\/www.provence-beaudine-locations.fr\/en\/villa-for-sale\/#breadcrumb"},"inLanguage":"en-US","potentialAction":[{"@type":"ReadAction","target":["https:\/\/www.provence-beaudine-locations.fr\/en\/villa-for-sale\/"]}]},{"@type":"BreadcrumbList","@id":"https:\/\/www.provence-beaudine-locations.fr\/en\/villa-for-sale\/#breadcrumb","itemListElement":[{"@type":"ListItem","position":1,"name":"Accueil","item":"https:\/\/www.provence-beaudine-locations.fr\/en\/"},{"@type":"ListItem","position":2,"name":"Villa for sale"}]}]}},"_links":{"self":[{"href":"https:\/\/www.provence-beaudine-locations.fr\/en\/wp-json\/wp\/v2\/pages\/949"}],"collection":[{"href":"https:\/\/www.provence-beaudine-locations.fr\/en\/wp-json\/wp\/v2\/pages"}],"about":[{"href":"https:\/\/www.provence-beaudine-locations.fr\/en\/wp-json\/wp\/v2\/types\/page"}],"author":[{"embeddable":true,"href":"https:\/\/www.provence-beaudine-locations.fr\/en\/wp-json\/wp\/v2\/users\/4"}],"replies":[{"embeddable":true,"href":"https:\/\/www.provence-beaudine-locations.fr\/en\/wp-json\/wp\/v2\/comments?post=949"}],"version-history":[{"count":1,"href":"https:\/\/www.provence-beaudine-locations.fr\/en\/wp-json\/wp\/v2\/pages\/949\/revisions"}],"predecessor-version":[{"id":950,"href":"https:\/\/www.provence-beaudine-locations.fr\/en\/wp-json\/wp\/v2\/pages\/949\/revisions\/950"}],"wp:attachment":[{"href":"https:\/\/www.provence-beaudine-locations.fr\/en\/wp-json\/wp\/v2\/media?parent=949"}],"curies":[{"name":"wp","href":"https:\/\/api.w.org\/{rel}","templated":true}]}}