{"id":900,"date":"2016-06-10T09:45:37","date_gmt":"2016-06-10T08:45:37","guid":{"rendered":"https:\/\/www.provence-beaudine-locations.fr\/en\/?page_id=900"},"modified":"2022-01-31T17:53:32","modified_gmt":"2022-01-31T16:53:32","slug":"restaurant-les-terrasses-de-la-bastide","status":"publish","type":"page","link":"https:\/\/www.provence-beaudine-locations.fr\/en\/accomodation-restauration\/restaurant-les-terrasses-de-la-bastide\/","title":{"rendered":"Restaurant : Les Terrasses de la Bastide"},"content":{"rendered":"<p>[et_pb_section fb_built=&#8221;1&#8243; custom_padding_last_edited=&#8221;on|desktop&#8221; module_id=&#8221;title_section&#8221; _builder_version=&#8221;3.22&#8243; background_color=&#8221;#ffffff&#8221; custom_padding_tablet=&#8221;50px|0|50px|0&#8243; custom_padding_phone=&#8221;&#8221; transparent_background=&#8221;off&#8221; padding_mobile=&#8221;off&#8221; make_fullwidth=&#8221;off&#8221; use_custom_width=&#8221;off&#8221; width_unit=&#8221;on&#8221; global_colors_info=&#8221;{}&#8221;][et_pb_row _builder_version=&#8221;3.25&#8243; background_size=&#8221;initial&#8221; background_position=&#8221;top_left&#8221; background_repeat=&#8221;repeat&#8221; global_colors_info=&#8221;{}&#8221;][et_pb_column type=&#8221;4_4&#8243; _builder_version=&#8221;3.25&#8243; custom_padding=&#8221;|||&#8221; global_colors_info=&#8221;{}&#8221; custom_padding__hover=&#8221;|||&#8221;][et_pb_text _builder_version=&#8221;3.27.4&#8243; background_size=&#8221;initial&#8221; background_position=&#8221;top_left&#8221; background_repeat=&#8221;repeat&#8221; use_border_color=&#8221;off&#8221; border_color=&#8221;#ffffff&#8221; border_style=&#8221;solid&#8221; global_colors_info=&#8221;{}&#8221;]<\/p>\n<h1>Restaurant<\/h1>\n<p>[\/et_pb_text][\/et_pb_column][\/et_pb_row][\/et_pb_section][et_pb_section fb_built=&#8221;1&#8243; custom_padding_last_edited=&#8221;on|desktop&#8221; admin_label=&#8221;section&#8221; module_class=&#8221;line_service&#8221; _builder_version=&#8221;3.22&#8243; background_color=&#8221;#ffffff&#8221; custom_padding_tablet=&#8221;50px|0|50px|0&#8243; custom_padding_phone=&#8221;&#8221; transparent_background=&#8221;off&#8221; padding_mobile=&#8221;off&#8221; make_fullwidth=&#8221;off&#8221; use_custom_width=&#8221;off&#8221; width_unit=&#8221;on&#8221; global_colors_info=&#8221;{}&#8221;][et_pb_row column_structure=&#8221;1_2,1_2&#8243; padding_mobile=&#8221;off&#8221; column_padding_mobile=&#8221;on&#8221; admin_label=&#8221;row&#8221; _builder_version=&#8221;3.25&#8243; background_size=&#8221;initial&#8221; background_position=&#8221;top_left&#8221; background_repeat=&#8221;repeat&#8221; make_fullwidth=&#8221;off&#8221; use_custom_width=&#8221;off&#8221; width_unit=&#8221;on&#8221; global_colors_info=&#8221;{}&#8221;][et_pb_column type=&#8221;1_2&#8243; module_class=&#8221;float_right&#8221; _builder_version=&#8221;3.25&#8243; custom_padding=&#8221;|||&#8221; global_colors_info=&#8221;{}&#8221; custom_padding__hover=&#8221;|||&#8221;][et_pb_image src=&#8221;https:\/\/www.provence-beaudine-locations.fr\/wp-content\/uploads\/2016\/05\/les-terrasses-de-la-bastide.jpg&#8221; align_tablet=&#8221;center&#8221; align_phone=&#8221;&#8221; align_last_edited=&#8221;on|desktop&#8221; _builder_version=&#8221;3.23&#8243; animation_style=&#8221;slide&#8221; animation_direction=&#8221;left&#8221; animation_duration=&#8221;500ms&#8221; animation_intensity_slide=&#8221;10%&#8221; use_border_color=&#8221;off&#8221; border_color=&#8221;#ffffff&#8221; border_style=&#8221;solid&#8221; animation=&#8221;left&#8221; sticky=&#8221;off&#8221; always_center_on_mobile=&#8221;on&#8221; global_colors_info=&#8221;{}&#8221;][\/et_pb_image][\/et_pb_column][et_pb_column type=&#8221;1_2&#8243; module_class=&#8221;float_left&#8221; _builder_version=&#8221;3.25&#8243; custom_padding=&#8221;|||&#8221; global_colors_info=&#8221;{}&#8221; custom_padding__hover=&#8221;|||&#8221;][et_pb_text _builder_version=&#8221;3.27.4&#8243; background_size=&#8221;initial&#8221; background_position=&#8221;top_left&#8221; background_repeat=&#8221;repeat&#8221; use_border_color=&#8221;off&#8221; border_color=&#8221;#ffffff&#8221; border_style=&#8221;solid&#8221; global_colors_info=&#8221;{}&#8221;]<\/p>\n<h3>Les Terrasses de la Bastide<\/h3>\n<p>Depuis 11 ans dans cette belle r\u00e9gion de Provence, j\u2019ai eu le temps de faire connaissance avec beaucoup de producteurs locaux. Apr\u00e8s avoir d\u00e9couvert et go\u00fbt\u00e9 leurs productions, il a \u00e9t\u00e9 difficile de faire un choix.<\/p>\n<p>[\/et_pb_text][\/et_pb_column][\/et_pb_row][\/et_pb_section][et_pb_section fb_built=&#8221;1&#8243; custom_padding_last_edited=&#8221;on|desktop&#8221; admin_label=&#8221;section&#8221; module_class=&#8221;line_service&#8221; _builder_version=&#8221;3.22&#8243; background_color=&#8221;#ffffff&#8221; custom_padding_tablet=&#8221;50px|0|50px|0&#8243; custom_padding_phone=&#8221;&#8221; transparent_background=&#8221;off&#8221; padding_mobile=&#8221;off&#8221; make_fullwidth=&#8221;off&#8221; use_custom_width=&#8221;off&#8221; width_unit=&#8221;on&#8221; global_colors_info=&#8221;{}&#8221;][et_pb_row column_structure=&#8221;1_2,1_2&#8243; padding_mobile=&#8221;off&#8221; column_padding_mobile=&#8221;on&#8221; admin_label=&#8221;row&#8221; _builder_version=&#8221;3.25&#8243; background_size=&#8221;initial&#8221; background_position=&#8221;top_left&#8221; background_repeat=&#8221;repeat&#8221; make_fullwidth=&#8221;off&#8221; use_custom_width=&#8221;off&#8221; width_unit=&#8221;on&#8221; global_colors_info=&#8221;{}&#8221;][et_pb_column type=&#8221;1_2&#8243; _builder_version=&#8221;3.25&#8243; custom_padding=&#8221;|||&#8221; global_colors_info=&#8221;{}&#8221; custom_padding__hover=&#8221;|||&#8221;][et_pb_image src=&#8221;https:\/\/www.provence-beaudine-locations.fr\/wp-content\/uploads\/2018\/07\/restaurant-exterieur-terrasses-bastide-forcalquier.jpg&#8221; alt=&#8221;Outside restaurant Les Terrasses de la Bastide | Forcalquier&#8221; title_text=&#8221;Outside restaurant Les Terrasses de la Bastide | Forcalquier&#8221; align_tablet=&#8221;center&#8221; align_phone=&#8221;&#8221; align_last_edited=&#8221;on|desktop&#8221; _builder_version=&#8221;4.4.7&#8243; animation_style=&#8221;slide&#8221; animation_direction=&#8221;left&#8221; animation_duration=&#8221;500ms&#8221; animation_intensity_slide=&#8221;10%&#8221; use_border_color=&#8221;off&#8221; global_colors_info=&#8221;{}&#8221;][\/et_pb_image][\/et_pb_column][et_pb_column type=&#8221;1_2&#8243; _builder_version=&#8221;3.25&#8243; custom_padding=&#8221;|||&#8221; global_colors_info=&#8221;{}&#8221; custom_padding__hover=&#8221;|||&#8221;][et_pb_text _builder_version=&#8221;3.27.4&#8243; background_size=&#8221;initial&#8221; background_position=&#8221;top_left&#8221; background_repeat=&#8221;repeat&#8221; use_border_color=&#8221;off&#8221; border_color=&#8221;#ffffff&#8221; border_style=&#8221;solid&#8221; global_colors_info=&#8221;{}&#8221;]<\/p>\n<p>Les produits de mes menus et de ma carte font appel \u00e0 un bon nombre de ces producteurs du&nbsp; \u00ab&nbsp;Pays de Forcalquier&nbsp;\u00bb, en agriculture biologique ou raisonn\u00e9e, de viande Fran\u00e7aise, de poissons de p\u00eache ou d\u2019\u00e9levage biologique.<\/p>\n<p>Il se peut alors que certains produits des menus viennent \u00e0 manquer, ils seront naturellement remplac\u00e9s.<\/p>\n<p>Tous les plats qui vous seront propos\u00e9s sont \u00ab&nbsp;Fait Maison&nbsp;\u00bb.<\/p>\n<p>[\/et_pb_text][\/et_pb_column][\/et_pb_row][\/et_pb_section][et_pb_section fb_built=&#8221;1&#8243; custom_padding_last_edited=&#8221;on|desktop&#8221; admin_label=&#8221;section&#8221; module_class=&#8221;line_service&#8221; _builder_version=&#8221;3.22&#8243; background_color=&#8221;#ffffff&#8221; custom_padding_tablet=&#8221;50px|0|50px|0&#8243; custom_padding_phone=&#8221;&#8221; transparent_background=&#8221;off&#8221; padding_mobile=&#8221;off&#8221; make_fullwidth=&#8221;off&#8221; use_custom_width=&#8221;off&#8221; width_unit=&#8221;on&#8221; global_colors_info=&#8221;{}&#8221;][et_pb_row column_structure=&#8221;1_2,1_2&#8243; padding_mobile=&#8221;off&#8221; column_padding_mobile=&#8221;on&#8221; admin_label=&#8221;row&#8221; _builder_version=&#8221;3.25&#8243; background_size=&#8221;initial&#8221; background_position=&#8221;top_left&#8221; background_repeat=&#8221;repeat&#8221; make_fullwidth=&#8221;off&#8221; use_custom_width=&#8221;off&#8221; width_unit=&#8221;on&#8221; global_colors_info=&#8221;{}&#8221;][et_pb_column type=&#8221;1_2&#8243; module_class=&#8221;float_right&#8221; _builder_version=&#8221;3.25&#8243; custom_padding=&#8221;|||&#8221; global_colors_info=&#8221;{}&#8221; custom_padding__hover=&#8221;|||&#8221;][et_pb_image src=&#8221;https:\/\/www.provence-beaudine-locations.fr\/wp-content\/uploads\/2018\/07\/restaurant-salle-terrasses-bastide.jpg&#8221; alt=&#8221;Restaurant room Les Terrasses de la Bastide | Forcalquier&#8221; title_text=&#8221;Restaurant room Les Terrasses de la Bastide | Forcalquier&#8221; align_tablet=&#8221;center&#8221; align_phone=&#8221;&#8221; align_last_edited=&#8221;on|desktop&#8221; _builder_version=&#8221;4.4.7&#8243; animation_style=&#8221;slide&#8221; animation_direction=&#8221;left&#8221; animation_duration=&#8221;500ms&#8221; animation_intensity_slide=&#8221;10%&#8221; use_border_color=&#8221;off&#8221; global_colors_info=&#8221;{}&#8221;][\/et_pb_image][\/et_pb_column][et_pb_column type=&#8221;1_2&#8243; module_class=&#8221;float_left&#8221; _builder_version=&#8221;3.25&#8243; custom_padding=&#8221;|||&#8221; global_colors_info=&#8221;{}&#8221; custom_padding__hover=&#8221;|||&#8221;][et_pb_text _builder_version=&#8221;4.14.7&#8243; background_size=&#8221;initial&#8221; background_position=&#8221;top_left&#8221; background_repeat=&#8221;repeat&#8221; hover_enabled=&#8221;0&#8243; use_border_color=&#8221;off&#8221; border_color=&#8221;#ffffff&#8221; border_style=&#8221;solid&#8221; global_colors_info=&#8221;{}&#8221; sticky_enabled=&#8221;0&#8243;]<\/p>\n<p>Mon \u00e9quipe et moi-m\u00eame vous souhaitons de passer un agr\u00e9able moment de convivialit\u00e9 et de plaisirs gustatifs autour d\u2019une de nos tables. Je serai \u00e0 votre \u00e9coute pour toute demande particuli\u00e8re. Je vous souhaite un bon app\u00e9tit. Jo\u00ebl Juglaret, Chef de Cuisine.<\/p>\n<p>L\u2019Huile d\u2019Olive que vous allez go\u00fbter est de production familiale. Vous pouvez l\u2019acheter sur place au restaurant.<\/p>\n<p><a class=\"et_pb_button et_pb_module et_pb_bg_layout_light chevron\" title=\"Menu Terrasses de la Bastide\" href=\"\/wp-content\/uploads\/2016\/05\/menu-terrasses-de-la-bastide.pdf\" target=\"_blank\" rel=\"noopener\">T\u00e9l\u00e9chargez la carte du restaurant<\/a><\/p>\n<p>[\/et_pb_text][\/et_pb_column][\/et_pb_row][\/et_pb_section]<\/p>\n","protected":false},"excerpt":{"rendered":"<p>Restaurant Les Terrasses de la Bastide Depuis 11 ans dans cette belle r\u00e9gion de Provence, j\u2019ai eu le temps de faire connaissance avec beaucoup de producteurs locaux. Apr\u00e8s avoir d\u00e9couvert et go\u00fbt\u00e9 leurs productions, il a \u00e9t\u00e9 difficile de faire un choix. Les produits de mes menus et de ma carte font appel \u00e0 un [&hellip;]<\/p>\n","protected":false},"author":4,"featured_media":0,"parent":400,"menu_order":0,"comment_status":"closed","ping_status":"closed","template":"","meta":{"_et_pb_use_builder":"on","_et_pb_old_content":"","_et_gb_content_width":""},"yoast_head":"<!-- This site is optimized with the Yoast SEO plugin v19.4 - https:\/\/yoast.com\/wordpress\/plugins\/seo\/ -->\n<title>Les Terrasses de la Bastide Restaurant | Forcalquier, Provence, France<\/title>\n<meta name=\"description\" content=\"Chef, Jo\u00ebl Juglaret, offers you a refined \u00ab\u00a0homemade\u00a0\u00bb cuisine based on products from the local producers of Pays de Forcalquier.\" \/>\n<meta name=\"robots\" content=\"index, follow, max-snippet:-1, max-image-preview:large, max-video-preview:-1\" \/>\n<link rel=\"canonical\" href=\"https:\/\/www.provence-beaudine-locations.fr\/en\/accomodation-restauration\/restaurant-les-terrasses-de-la-bastide\/\" \/>\n<meta property=\"og:locale\" content=\"en_US\" \/>\n<meta property=\"og:type\" content=\"article\" \/>\n<meta property=\"og:title\" content=\"Les Terrasses de la Bastide Restaurant | Forcalquier, Provence, France\" \/>\n<meta property=\"og:description\" content=\"Chef, Jo\u00ebl Juglaret, offers you a refined \u00ab\u00a0homemade\u00a0\u00bb cuisine based on products from the local producers of Pays de Forcalquier.\" \/>\n<meta property=\"og:url\" content=\"https:\/\/www.provence-beaudine-locations.fr\/en\/accomodation-restauration\/restaurant-les-terrasses-de-la-bastide\/\" \/>\n<meta property=\"og:site_name\" content=\"Les Restanques de Beaudine\" \/>\n<meta property=\"article:modified_time\" content=\"2022-01-31T16:53:32+00:00\" \/>\n<meta name=\"twitter:card\" content=\"summary\" \/>\n<meta name=\"twitter:label1\" content=\"Est. reading time\" \/>\n\t<meta name=\"twitter:data1\" content=\"5 minutes\" \/>\n<script type=\"application\/ld+json\" class=\"yoast-schema-graph\">{\"@context\":\"https:\/\/schema.org\",\"@graph\":[{\"@type\":\"Organization\",\"@id\":\"https:\/\/www.provence-beaudine-locations.fr\/#organization\",\"name\":\"Les Restanques de Beaudine\",\"url\":\"https:\/\/www.provence-beaudine-locations.fr\/\",\"sameAs\":[],\"logo\":{\"@type\":\"ImageObject\",\"inLanguage\":\"en-US\",\"@id\":\"https:\/\/www.provence-beaudine-locations.fr\/#\/schema\/logo\/image\/\",\"url\":\"https:\/\/www.provence-beaudine-locations.fr\/wp-content\/uploads\/2016\/04\/logo.png\",\"contentUrl\":\"https:\/\/www.provence-beaudine-locations.fr\/wp-content\/uploads\/2016\/04\/logo.png\",\"width\":150,\"height\":150,\"caption\":\"Les Restanques de Beaudine\"},\"image\":{\"@id\":\"https:\/\/www.provence-beaudine-locations.fr\/#\/schema\/logo\/image\/\"}},{\"@type\":\"WebSite\",\"@id\":\"https:\/\/www.provence-beaudine-locations.fr\/#website\",\"url\":\"https:\/\/www.provence-beaudine-locations.fr\/\",\"name\":\"Les Restanques de Beaudine\",\"description\":\"\",\"publisher\":{\"@id\":\"https:\/\/www.provence-beaudine-locations.fr\/#organization\"},\"potentialAction\":[{\"@type\":\"SearchAction\",\"target\":{\"@type\":\"EntryPoint\",\"urlTemplate\":\"https:\/\/www.provence-beaudine-locations.fr\/?s={search_term_string}\"},\"query-input\":\"required name=search_term_string\"}],\"inLanguage\":\"en-US\"},{\"@type\":\"WebPage\",\"@id\":\"https:\/\/www.provence-beaudine-locations.fr\/en\/accomodation-restauration\/restaurant-les-terrasses-de-la-bastide\/\",\"url\":\"https:\/\/www.provence-beaudine-locations.fr\/en\/accomodation-restauration\/restaurant-les-terrasses-de-la-bastide\/\",\"name\":\"Les Terrasses de la Bastide Restaurant | Forcalquier, Provence, France\",\"isPartOf\":{\"@id\":\"https:\/\/www.provence-beaudine-locations.fr\/#website\"},\"datePublished\":\"2016-06-10T08:45:37+00:00\",\"dateModified\":\"2022-01-31T16:53:32+00:00\",\"description\":\"Chef, Jo\u00ebl Juglaret, offers you a refined \u00ab\u00a0homemade\u00a0\u00bb cuisine based on products from the local producers of Pays de Forcalquier.\",\"breadcrumb\":{\"@id\":\"https:\/\/www.provence-beaudine-locations.fr\/en\/accomodation-restauration\/restaurant-les-terrasses-de-la-bastide\/#breadcrumb\"},\"inLanguage\":\"en-US\",\"potentialAction\":[{\"@type\":\"ReadAction\",\"target\":[\"https:\/\/www.provence-beaudine-locations.fr\/en\/accomodation-restauration\/restaurant-les-terrasses-de-la-bastide\/\"]}]},{\"@type\":\"BreadcrumbList\",\"@id\":\"https:\/\/www.provence-beaudine-locations.fr\/en\/accomodation-restauration\/restaurant-les-terrasses-de-la-bastide\/#breadcrumb\",\"itemListElement\":[{\"@type\":\"ListItem\",\"position\":1,\"name\":\"Accueil\",\"item\":\"https:\/\/www.provence-beaudine-locations.fr\/en\/\"},{\"@type\":\"ListItem\",\"position\":2,\"name\":\"Accomodation &#038; Restauration\",\"item\":\"https:\/\/www.provence-beaudine-locations.fr\/en\/accomodation-restauration\/\"},{\"@type\":\"ListItem\",\"position\":3,\"name\":\"Restaurant : Les Terrasses de la Bastide\"}]}]}<\/script>\n<!-- \/ Yoast SEO plugin. -->","yoast_head_json":{"title":"Les Terrasses de la Bastide Restaurant | Forcalquier, Provence, France","description":"Chef, Jo\u00ebl Juglaret, offers you a refined \u00ab\u00a0homemade\u00a0\u00bb cuisine based on products from the local producers of Pays de Forcalquier.","robots":{"index":"index","follow":"follow","max-snippet":"max-snippet:-1","max-image-preview":"max-image-preview:large","max-video-preview":"max-video-preview:-1"},"canonical":"https:\/\/www.provence-beaudine-locations.fr\/en\/accomodation-restauration\/restaurant-les-terrasses-de-la-bastide\/","og_locale":"en_US","og_type":"article","og_title":"Les Terrasses de la Bastide Restaurant | Forcalquier, Provence, France","og_description":"Chef, Jo\u00ebl Juglaret, offers you a refined \u00ab\u00a0homemade\u00a0\u00bb cuisine based on products from the local producers of Pays de Forcalquier.","og_url":"https:\/\/www.provence-beaudine-locations.fr\/en\/accomodation-restauration\/restaurant-les-terrasses-de-la-bastide\/","og_site_name":"Les Restanques de Beaudine","article_modified_time":"2022-01-31T16:53:32+00:00","twitter_card":"summary","twitter_misc":{"Est. reading time":"5 minutes"},"schema":{"@context":"https:\/\/schema.org","@graph":[{"@type":"Organization","@id":"https:\/\/www.provence-beaudine-locations.fr\/#organization","name":"Les Restanques de Beaudine","url":"https:\/\/www.provence-beaudine-locations.fr\/","sameAs":[],"logo":{"@type":"ImageObject","inLanguage":"en-US","@id":"https:\/\/www.provence-beaudine-locations.fr\/#\/schema\/logo\/image\/","url":"https:\/\/www.provence-beaudine-locations.fr\/wp-content\/uploads\/2016\/04\/logo.png","contentUrl":"https:\/\/www.provence-beaudine-locations.fr\/wp-content\/uploads\/2016\/04\/logo.png","width":150,"height":150,"caption":"Les Restanques de Beaudine"},"image":{"@id":"https:\/\/www.provence-beaudine-locations.fr\/#\/schema\/logo\/image\/"}},{"@type":"WebSite","@id":"https:\/\/www.provence-beaudine-locations.fr\/#website","url":"https:\/\/www.provence-beaudine-locations.fr\/","name":"Les Restanques de Beaudine","description":"","publisher":{"@id":"https:\/\/www.provence-beaudine-locations.fr\/#organization"},"potentialAction":[{"@type":"SearchAction","target":{"@type":"EntryPoint","urlTemplate":"https:\/\/www.provence-beaudine-locations.fr\/?s={search_term_string}"},"query-input":"required name=search_term_string"}],"inLanguage":"en-US"},{"@type":"WebPage","@id":"https:\/\/www.provence-beaudine-locations.fr\/en\/accomodation-restauration\/restaurant-les-terrasses-de-la-bastide\/","url":"https:\/\/www.provence-beaudine-locations.fr\/en\/accomodation-restauration\/restaurant-les-terrasses-de-la-bastide\/","name":"Les Terrasses de la Bastide Restaurant | Forcalquier, Provence, France","isPartOf":{"@id":"https:\/\/www.provence-beaudine-locations.fr\/#website"},"datePublished":"2016-06-10T08:45:37+00:00","dateModified":"2022-01-31T16:53:32+00:00","description":"Chef, Jo\u00ebl Juglaret, offers you a refined \u00ab\u00a0homemade\u00a0\u00bb cuisine based on products from the local producers of Pays de Forcalquier.","breadcrumb":{"@id":"https:\/\/www.provence-beaudine-locations.fr\/en\/accomodation-restauration\/restaurant-les-terrasses-de-la-bastide\/#breadcrumb"},"inLanguage":"en-US","potentialAction":[{"@type":"ReadAction","target":["https:\/\/www.provence-beaudine-locations.fr\/en\/accomodation-restauration\/restaurant-les-terrasses-de-la-bastide\/"]}]},{"@type":"BreadcrumbList","@id":"https:\/\/www.provence-beaudine-locations.fr\/en\/accomodation-restauration\/restaurant-les-terrasses-de-la-bastide\/#breadcrumb","itemListElement":[{"@type":"ListItem","position":1,"name":"Accueil","item":"https:\/\/www.provence-beaudine-locations.fr\/en\/"},{"@type":"ListItem","position":2,"name":"Accomodation &#038; Restauration","item":"https:\/\/www.provence-beaudine-locations.fr\/en\/accomodation-restauration\/"},{"@type":"ListItem","position":3,"name":"Restaurant : Les Terrasses de la Bastide"}]}]}},"_links":{"self":[{"href":"https:\/\/www.provence-beaudine-locations.fr\/en\/wp-json\/wp\/v2\/pages\/900"}],"collection":[{"href":"https:\/\/www.provence-beaudine-locations.fr\/en\/wp-json\/wp\/v2\/pages"}],"about":[{"href":"https:\/\/www.provence-beaudine-locations.fr\/en\/wp-json\/wp\/v2\/types\/page"}],"author":[{"embeddable":true,"href":"https:\/\/www.provence-beaudine-locations.fr\/en\/wp-json\/wp\/v2\/users\/4"}],"replies":[{"embeddable":true,"href":"https:\/\/www.provence-beaudine-locations.fr\/en\/wp-json\/wp\/v2\/comments?post=900"}],"version-history":[{"count":4,"href":"https:\/\/www.provence-beaudine-locations.fr\/en\/wp-json\/wp\/v2\/pages\/900\/revisions"}],"predecessor-version":[{"id":1846,"href":"https:\/\/www.provence-beaudine-locations.fr\/en\/wp-json\/wp\/v2\/pages\/900\/revisions\/1846"}],"up":[{"embeddable":true,"href":"https:\/\/www.provence-beaudine-locations.fr\/en\/wp-json\/wp\/v2\/pages\/400"}],"wp:attachment":[{"href":"https:\/\/www.provence-beaudine-locations.fr\/en\/wp-json\/wp\/v2\/media?parent=900"}],"curies":[{"name":"wp","href":"https:\/\/api.w.org\/{rel}","templated":true}]}}